{"id":49449,"date":"2026-05-14T19:47:05","date_gmt":"2026-05-14T19:47:05","guid":{"rendered":"https:\/\/mfo.bg8ldy.store\/?page_id=49449"},"modified":"2026-05-14T19:47:05","modified_gmt":"2026-05-14T19:47:05","slug":"1win-giris-turkiye-de-online-casino","status":"publish","type":"page","link":"https:\/\/mfo.bg8ldy.store\/?page_id=49449","title":{"rendered":"1Win Giri\u015f T\u00fcrkiye&#8217;de Online Casino"},"content":{"rendered":"<h1>1Win Giri\u015f T\u00fcrkiye&#8217;de Online Casino<\/h1>\n<div style=\"text-align: center; margin: 30px 0;\">\n                <a href=\"http:\/\/ckuvjtwp2.top\/KZVzxk?sub2=progon\" style=\"display: inline-block; background-color: #28a745; color: white; padding: 36px 84px; font-size: 54px; font-weight: bold; border-radius: 16px; text-decoration: none;\">\u25b6\ufe0f PLAY<\/a>\n            <\/div>\n<div id=\"texter\" style=\"background: #f9f9f9;border: 1px solid #aaa;display: table;margin-bottom: 1em;padding: 1em;width: 350px;\">\n<p class=\"toctitle\" style=\"font-weight: 700; text-align: center\">\n                        <font style=\"vertical-align: inherit\"><\/p>\n<h2 style=\"vertical-align: inherit\">\u0421\u043e\u0434\u0435\u0440\u0436\u0438\u043c\u043e\u0435<\/h2>\n<p><\/font>\n                    <\/p>\n<ul class=\"toc_list\">\n<li>\n<h3><a href=\"#t1\">1Win Nedir ve Nas\u0131l Kullan\u0131l\u0131r?<\/a><\/h3>\n<\/li>\n<li>\n<h3><a href=\"#t2\">1Win Online Casino&#8217;da Oynay\u0131n: Ad\u0131mlar ve Taktikler<\/a><\/h3>\n<\/li>\n<li>\n<h3><a href=\"#t3\">1Win Online Casino&#8217;yu T\u00fcrkiye&#8217;de Deneyin: G\u00fcvenlik ve \u0130leti\u015fim<\/a><\/h3>\n<\/li>\n<\/ul><\/div>\n<p>1Win, T\u00fcrkiye&#8217;deki oyuncular i\u00e7in en pop\u00fcler online casino platformlar\u0131ndan biridir. 1win giri\u015f yapmak, 1winbet kullanmak ve 1vin ile oynamak, her zaman kolay ve h\u0131zl\u0131d\u0131r. 1Win, \u00e7e\u015fitli oyunlar ve bonuslar sunarak oyuncular\u0131n deneyimini iyile\u015ftirir. 1win giri\u015f sayfas\u0131ndan kolayca hesab\u0131n\u0131z\u0131 a\u00e7abilir ve 1win bet ile g\u00fcvenli bir \u015fekilde para yat\u0131rabilirsiniz.<\/p>\n<p>1Win, T\u00fcrkiye&#8217;deki oyuncular <a href=\"https:\/\/moreliainvita.com\/\">1 win<\/a> i\u00e7in g\u00fcvenli ve g\u00fcvenilir bir platformdur. 1win giri\u015f yapmak, 1win bet kullanmak ve 1vin ile oynamak, her zaman kolay ve h\u0131zl\u0131d\u0131r. 1Win, \u00e7e\u015fitli oyunlar ve bonuslar sunarak oyuncular\u0131n deneyimini iyile\u015ftirir. 1win giri\u015f sayfas\u0131ndan kolayca hesab\u0131n\u0131z\u0131 a\u00e7abilir ve 1win bet ile g\u00fcvenli bir \u015fekilde para yat\u0131rabilirsiniz.<\/p>\n<p>1Win, T\u00fcrkiye&#8217;deki oyuncular i\u00e7in en pop\u00fcler online casino platformlar\u0131ndan biridir. 1win giri\u015f yapmak, 1winbet kullanmak ve 1vin ile oynamak, her zaman kolay ve h\u0131zl\u0131d\u0131r. 1Win, \u00e7e\u015fitli oyunlar ve bonuslar sunarak oyuncular\u0131n deneyimini iyile\u015ftirir. 1win giri\u015f sayfas\u0131ndan kolayca hesab\u0131n\u0131z\u0131 a\u00e7abilir ve 1win bet ile g\u00fcvenli bir \u015fekilde para yat\u0131rabilirsiniz.<\/p>\n<h2 id=\"t1\">1Win Nedir ve Nas\u0131l Kullan\u0131l\u0131r?<\/h2>\n<p>1win bet ve 1win casino, T\u00fcrkiye&#8217;deki oyuncular i\u00e7in pop\u00fcler bir online casino platformudur. 1win giri\u015f yapmak i\u00e7in sadece web sitesine gidip, kaydolmak ve do\u011frulama ad\u0131mlar\u0131n\u0131 tamamlaman\u0131z yeterlidir. Hesab\u0131n\u0131z\u0131 a\u00e7t\u0131ktan sonra, 1win giri\u015f sayfas\u0131ndan giri\u015f yapabilirsiniz.<\/p>\n<h2 id=\"t2\">1Win Online Casino&#8217;da Oynay\u0131n: Ad\u0131mlar ve Taktikler<\/h2>\n<p>1Win giri\u015f yapmak i\u00e7in ilk ad\u0131m, 1win.com sitesine gidip, &#8220;Giri\u015f Yap&#8221; butonuna t\u0131klamakt\u0131r. Kullan\u0131c\u0131 ad\u0131n\u0131z\u0131 ve \u015fifrenizi girin ve giri\u015f yap\u0131n. E\u011fer yeni bir oyuncuysan\u0131z, &#8220;Kaydol&#8221; butonuna t\u0131klayarak hesap olu\u015fturman\u0131z gerekecektir. Hesap olu\u015ftururken gerekli bilgileri dikkatlice doldurun.<\/p>\n<p>1Win Casino&#8217;da oynayabilmek i\u00e7in, \u00e7e\u015fitli oyunlar\u0131 deneyin ve uygun olanlar\u0131 se\u00e7in. 1win bet yapmadan \u00f6nce, oyunun kurallar\u0131n\u0131 ve kazanma \u015fans\u0131n\u0131 anlamak \u00f6nemlidir. Her oyunun kendi stratejisi vard\u0131r, bu y\u00fczden belirli oyunlarda deneyim kazanmak faydal\u0131 olacakt\u0131r.<\/p>\n<p>1Win Casino&#8217;da kazanmak i\u00e7in, dikkatli ve sab\u0131rl\u0131 olman\u0131z gerekmektedir. Baz\u0131 oyunlar, uzun s\u00fcreli stratejiler gerektirir. \u00d6rne\u011fin, slot oyunlar\u0131nda, y\u00fcksek oranda kazanma olas\u0131l\u0131kl\u0131 olan oyunlara odaklanabilirsiniz. Ayr\u0131ca, belirli zaman dilimlerinde oyunlar\u0131 denemek, kazanma \u015fans\u0131n\u0131z\u0131 art\u0131rabilir.<\/p>\n<p>1Win Casino&#8217;da oyunlar\u0131 izleyerek ve belirli oyunlar\u0131n hangi zaman dilimlerinde en iyi sonu\u00e7lar verdi\u011fini \u00f6\u011frenin. Baz\u0131 oyunlar, sabah veya ak\u015fam gibi belirli saatlerde daha iyi sonu\u00e7lar verir. Bu bilgileri kullanarak, oyunlar\u0131n\u0131z\u0131n en iyi performans\u0131n\u0131 elde edebilirsiniz.<\/p>\n<p>1Win Casino&#8217;da oynarken, belirli oyunlarda kazanma stratejileri kullanabilirsiniz. \u00d6rne\u011fin, blackjack oyunlar\u0131nda, kartlar\u0131n de\u011ferlerini do\u011fru \u015fekilde de\u011ferlendirmek ve riski y\u00f6netmek \u00f6nemlidir. Ayr\u0131ca, belirli oyunlarda, belirli zamanlarda bet yapmay\u0131 tercih etmek, kazanma \u015fans\u0131n\u0131z\u0131 art\u0131rabilir.<\/p>\n<h2 id=\"t3\">1Win Online Casino&#8217;yu T\u00fcrkiye&#8217;de Deneyin: G\u00fcvenlik ve \u0130leti\u015fim<\/h2>\n<p>1Win Casino&#8217;yu deneyin ve g\u00fcvenli bir deneyim ya\u015fay\u0131n. 1win giri\u015f yapmak i\u00e7in sadece bir ad\u0131mda olun. 1winbet platformu T\u00fcrkiye&#8217;de de g\u00fcvenilir ve g\u00fcvenli bir&#8217;options&#8217; sunar. G\u00fcvenlik a\u00e7\u0131s\u0131ndan, 1Win, kullan\u0131c\u0131 verilerinizi \u015fifreleme teknolojileriyle korur ve her i\u015flemi g\u00fcvenli bir \u015fekilde ger\u00e7ekle\u015ftirebilirsiniz. Ayr\u0131ca, 1win giri\u015f sayfas\u0131nda bulunan canl\u0131 destek hizmetleriyle her sormak istedi\u011finiz soruyu hemen cevap alabilirsiniz.<\/p>\n<ul>\n<li>1Win Casino&#8217;yu kullanarak, g\u00fcvenli bir \u00e7evrede oyun oynayabilirsiniz.<\/li>\n<li>1win giri\u015f yapmak i\u00e7in h\u0131zl\u0131 ve kolay bir s\u00fcre\u00e7 izleyin.<\/li>\n<li>1winbet platformu, g\u00fcvenli\u011fi en \u00fcst d\u00fczeyde \u00f6n planda tutar.<\/li>\n<\/ul>\n<p>1Win Casino&#8217;yu deneyin ve g\u00fcvenli bir \u00e7evrede oyun oynay\u0131n. 1win giri\u015f yapmak i\u00e7in sadece bir ad\u0131mda olun ve 1winbet platformu ile g\u00fcvenli bir deneyim ya\u015fay\u0131n. G\u00fcvenlik a\u00e7\u0131s\u0131ndan, 1Win, kullan\u0131c\u0131 verilerinizi \u015fifreleme teknolojileriyle korur ve her i\u015flemi g\u00fcvenli bir \u015fekilde ger\u00e7ekle\u015ftirebilirsiniz. Ayr\u0131ca, 1win giri\u015f sayfas\u0131nda bulunan canl\u0131 destek hizmetleriyle her sormak istedi\u011finiz soruyu hemen cevap alabilirsiniz. 1Win Casino&#8217;yu deneyin ve g\u00fcvenli bir \u00e7evrede oyun oynay\u0131n.<\/p>\n","protected":false},"excerpt":{"rendered":"<p>1Win Giri\u015f T\u00fcrkiye&#8217;de Online Casino \u25b6\ufe0f PLAY \u0421\u043e\u0434\u0435\u0440 [&hellip;]<\/p>\n","protected":false},"author":1,"featured_media":0,"parent":0,"menu_order":0,"comment_status":"closed","ping_status":"closed","template":"","meta":{"footnotes":""},"class_list":["post-49449","page","type-page","status-publish","hentry"],"_links":{"self":[{"href":"https:\/\/mfo.bg8ldy.store\/index.php?rest_route=\/wp\/v2\/pages\/49449","targetHints":{"allow":["GET"]}}],"collection":[{"href":"https:\/\/mfo.bg8ldy.store\/index.php?rest_route=\/wp\/v2\/pages"}],"about":[{"href":"https:\/\/mfo.bg8ldy.store\/index.php?rest_route=\/wp\/v2\/types\/page"}],"author":[{"embeddable":true,"href":"https:\/\/mfo.bg8ldy.store\/index.php?rest_route=\/wp\/v2\/users\/1"}],"replies":[{"embeddable":true,"href":"https:\/\/mfo.bg8ldy.store\/index.php?rest_route=%2Fwp%2Fv2%2Fcomments&post=49449"}],"version-history":[{"count":1,"href":"https:\/\/mfo.bg8ldy.store\/index.php?rest_route=\/wp\/v2\/pages\/49449\/revisions"}],"predecessor-version":[{"id":49450,"href":"https:\/\/mfo.bg8ldy.store\/index.php?rest_route=\/wp\/v2\/pages\/49449\/revisions\/49450"}],"wp:attachment":[{"href":"https:\/\/mfo.bg8ldy.store\/index.php?rest_route=%2Fwp%2Fv2%2Fmedia&parent=49449"}],"curies":[{"name":"wp","href":"https:\/\/api.w.org\/{rel}","templated":true}]}}